{"id":16,"date":"2025-01-04T16:11:33","date_gmt":"2025-01-04T13:11:33","guid":{"rendered":"https:\/\/taacouncil.com\/?page_id=16"},"modified":"2025-01-05T00:00:48","modified_gmt":"2025-01-04T21:00:48","slug":"yonetim-kurulu","status":"publish","type":"page","link":"https:\/\/taacouncil.com\/en\/hakkimizda\/yonetim-kurulu\/","title":{"rendered":"Board of Directors"},"content":{"rendered":"<div data-elementor-type=\"wp-page\" data-elementor-id=\"16\" class=\"elementor elementor-16\" data-elementor-post-type=\"page\">\n\t\t\t\t<div class=\"elementor-element elementor-element-fd9cd6a e-flex e-con-boxed e-con e-parent\" data-id=\"fd9cd6a\" data-element_type=\"container\">\n\t\t\t\t\t<div class=\"e-con-inner\">\n\t\t\t\t<div class=\"elementor-element elementor-element-52bcb3f elementor-widget elementor-widget-heading\" data-id=\"52bcb3f\" data-element_type=\"widget\" data-widget_type=\"heading.default\">\n\t\t\t\t<div class=\"elementor-widget-container\">\n\t\t\t\t\t<h2 class=\"elementor-heading-title elementor-size-default\">Our Management Team<\/h2>\t\t\t\t<\/div>\n\t\t\t\t<\/div>\n\t\t\t\t<div class=\"elementor-element elementor-element-9defc26 elementor-widget-mobile__width-inherit elementor-widget elementor-widget-text-editor\" data-id=\"9defc26\" data-element_type=\"widget\" data-widget_type=\"text-editor.default\">\n\t\t\t\t<div class=\"elementor-widget-container\">\n\t\t\t\t\t\t\t\t\tThe Board of Directors of the Turkish American Academic Council is a group of dedicated professionals who strive to create an effective platform for academic exchange. They are committed to fostering meaningful dialogue, encouraging collaboration and providing resources to students and faculty in both countries.\t\t\t\t\t\t\t\t<\/div>\n\t\t\t\t<\/div>\n\t\t<div class=\"elementor-element elementor-element-fa881e6 e-con-full e-flex e-con e-child\" data-id=\"fa881e6\" data-element_type=\"container\">\n\t\t<div class=\"elementor-element elementor-element-4c1cb45 e-con-full e-flex e-con e-child\" data-id=\"4c1cb45\" data-element_type=\"container\" data-settings=\"{&quot;background_background&quot;:&quot;classic&quot;}\">\n\t\t\t\t<div class=\"elementor-element elementor-element-17ccad4 elementor-widget elementor-widget-image\" data-id=\"17ccad4\" data-element_type=\"widget\" data-widget_type=\"image.default\">\n\t\t\t\t<div class=\"elementor-widget-container\">\n\t\t\t\t\t\t\t\t\t\t\t\t\t\t\t<img fetchpriority=\"high\" decoding=\"async\" width=\"370\" height=\"370\" src=\"https:\/\/taacouncil.com\/wp-content\/uploads\/2025\/01\/Prof.-Dr.-Cengiz-KARAKAYA.png\" class=\"attachment-full size-full wp-image-124\" alt=\"\" srcset=\"https:\/\/taacouncil.com\/wp-content\/uploads\/2025\/01\/Prof.-Dr.-Cengiz-KARAKAYA.png 370w, https:\/\/taacouncil.com\/wp-content\/uploads\/2025\/01\/Prof.-Dr.-Cengiz-KARAKAYA-300x300.png 300w, https:\/\/taacouncil.com\/wp-content\/uploads\/2025\/01\/Prof.-Dr.-Cengiz-KARAKAYA-150x150.png 150w\" sizes=\"(max-width: 370px) 100vw, 370px\" \/>\t\t\t\t\t\t\t\t\t\t\t\t\t\t\t<\/div>\n\t\t\t\t<\/div>\n\t\t\t\t<div class=\"elementor-element elementor-element-3f4518c elementor-widget elementor-widget-heading\" data-id=\"3f4518c\" data-element_type=\"widget\" data-widget_type=\"heading.default\">\n\t\t\t\t<div class=\"elementor-widget-container\">\n\t\t\t\t\t<h2 class=\"elementor-heading-title elementor-size-default\">Prof. Dr. Cengiz KARAKAYA<\/h2>\t\t\t\t<\/div>\n\t\t\t\t<\/div>\n\t\t\t\t<div class=\"elementor-element elementor-element-5c3b02e elementor-widget elementor-widget-heading\" data-id=\"5c3b02e\" data-element_type=\"widget\" data-widget_type=\"heading.default\">\n\t\t\t\t<div class=\"elementor-widget-container\">\n\t\t\t\t\t<span class=\"elementor-heading-title elementor-size-default\">Chairman of the Board of Directors<\/span>\t\t\t\t<\/div>\n\t\t\t\t<\/div>\n\t\t\t\t<div class=\"elementor-element elementor-element-0ffca6d elementor-widget elementor-widget-text-editor\" data-id=\"0ffca6d\" data-element_type=\"widget\" data-widget_type=\"text-editor.default\">\n\t\t\t\t<div class=\"elementor-widget-container\">\n\t\t\t\t\t\t\t\t\t<p>He is a faculty member at Gazi University Faculty of Medicine. She worked as a Post-Doctoral Fellow and Visiting Professor at Yale University School of Medicine. At the same time, he still continues his academic collaborations and projects at Yale University School of Medicine.<\/p>\t\t\t\t\t\t\t\t<\/div>\n\t\t\t\t<\/div>\n\t\t\t\t<\/div>\n\t\t<div class=\"elementor-element elementor-element-e11f036 e-con-full e-flex e-con e-child\" data-id=\"e11f036\" data-element_type=\"container\" data-settings=\"{&quot;background_background&quot;:&quot;classic&quot;}\">\n\t\t\t\t<div class=\"elementor-element elementor-element-f33ecc3 elementor-widget elementor-widget-image\" data-id=\"f33ecc3\" data-element_type=\"widget\" data-widget_type=\"image.default\">\n\t\t\t\t<div class=\"elementor-widget-container\">\n\t\t\t\t\t\t\t\t\t\t\t\t\t\t\t<img decoding=\"async\" width=\"370\" height=\"370\" src=\"https:\/\/taacouncil.com\/wp-content\/uploads\/2025\/01\/Dr.-Hakan-KARALOK.jpg\" class=\"attachment-full size-full wp-image-125\" alt=\"\" srcset=\"https:\/\/taacouncil.com\/wp-content\/uploads\/2025\/01\/Dr.-Hakan-KARALOK.jpg 370w, https:\/\/taacouncil.com\/wp-content\/uploads\/2025\/01\/Dr.-Hakan-KARALOK-300x300.jpg 300w, https:\/\/taacouncil.com\/wp-content\/uploads\/2025\/01\/Dr.-Hakan-KARALOK-150x150.jpg 150w\" sizes=\"(max-width: 370px) 100vw, 370px\" \/>\t\t\t\t\t\t\t\t\t\t\t\t\t\t\t<\/div>\n\t\t\t\t<\/div>\n\t\t\t\t<div class=\"elementor-element elementor-element-91d8d30 elementor-widget elementor-widget-heading\" data-id=\"91d8d30\" data-element_type=\"widget\" data-widget_type=\"heading.default\">\n\t\t\t\t<div class=\"elementor-widget-container\">\n\t\t\t\t\t<h2 class=\"elementor-heading-title elementor-size-default\">Dr. Hakan KARAL\u00d6K<\/h2>\t\t\t\t<\/div>\n\t\t\t\t<\/div>\n\t\t\t\t<div class=\"elementor-element elementor-element-df95e57 elementor-widget elementor-widget-heading\" data-id=\"df95e57\" data-element_type=\"widget\" data-widget_type=\"heading.default\">\n\t\t\t\t<div class=\"elementor-widget-container\">\n\t\t\t\t\t<span class=\"elementor-heading-title elementor-size-default\">Vice President \/ Secretary General<\/span>\t\t\t\t<\/div>\n\t\t\t\t<\/div>\n\t\t\t\t<div class=\"elementor-element elementor-element-12dca8b elementor-widget elementor-widget-text-editor\" data-id=\"12dca8b\" data-element_type=\"widget\" data-widget_type=\"text-editor.default\">\n\t\t\t\t<div class=\"elementor-widget-container\">\n\t\t\t\t\t\t\t\t\t<p>He worked as a Post-Doctoral Fellow at Yale University School of Medicine. She is also a Visiting Professor at Yale University. Many academic studies and projects are ongoing.<\/p>\t\t\t\t\t\t\t\t<\/div>\n\t\t\t\t<\/div>\n\t\t\t\t<\/div>\n\t\t\t\t<\/div>\n\t\t\t\t\t<\/div>\n\t\t\t\t<\/div>\n\t\t<div class=\"elementor-element elementor-element-9efa99c e-flex e-con-boxed e-con e-parent\" data-id=\"9efa99c\" data-element_type=\"container\">\n\t\t\t\t\t<div class=\"e-con-inner\">\n\t\t\t\t<div class=\"elementor-element elementor-element-f14f546 elementor-widget elementor-widget-heading\" data-id=\"f14f546\" data-element_type=\"widget\" data-widget_type=\"heading.default\">\n\t\t\t\t<div class=\"elementor-widget-container\">\n\t\t\t\t\t<h2 class=\"elementor-heading-title elementor-size-default\">Council Members\n<\/h2>\t\t\t\t<\/div>\n\t\t\t\t<\/div>\n\t\t<div class=\"elementor-element elementor-element-5b03ffd e-con-full elementor-hidden-desktop elementor-hidden-tablet elementor-hidden-mobile e-flex e-con e-child\" data-id=\"5b03ffd\" data-element_type=\"container\">\n\t\t<div class=\"elementor-element elementor-element-02086a3 e-con-full e-flex e-con e-child\" data-id=\"02086a3\" data-element_type=\"container\" data-settings=\"{&quot;background_background&quot;:&quot;classic&quot;}\">\n\t\t\t\t<div class=\"elementor-element elementor-element-8ed107a elementor-widget elementor-widget-image\" data-id=\"8ed107a\" data-element_type=\"widget\" data-widget_type=\"image.default\">\n\t\t\t\t<div class=\"elementor-widget-container\">\n\t\t\t\t\t\t\t\t\t\t\t\t\t\t\t<img fetchpriority=\"high\" decoding=\"async\" width=\"370\" height=\"370\" src=\"https:\/\/taacouncil.com\/wp-content\/uploads\/2025\/01\/Prof.-Dr.-Cengiz-KARAKAYA.png\" class=\"attachment-full size-full wp-image-124\" alt=\"\" srcset=\"https:\/\/taacouncil.com\/wp-content\/uploads\/2025\/01\/Prof.-Dr.-Cengiz-KARAKAYA.png 370w, https:\/\/taacouncil.com\/wp-content\/uploads\/2025\/01\/Prof.-Dr.-Cengiz-KARAKAYA-300x300.png 300w, https:\/\/taacouncil.com\/wp-content\/uploads\/2025\/01\/Prof.-Dr.-Cengiz-KARAKAYA-150x150.png 150w\" sizes=\"(max-width: 370px) 100vw, 370px\" \/>\t\t\t\t\t\t\t\t\t\t\t\t\t\t\t<\/div>\n\t\t\t\t<\/div>\n\t\t\t\t<div class=\"elementor-element elementor-element-3e438f6 elementor-widget elementor-widget-heading\" data-id=\"3e438f6\" data-element_type=\"widget\" data-widget_type=\"heading.default\">\n\t\t\t\t<div class=\"elementor-widget-container\">\n\t\t\t\t\t<h2 class=\"elementor-heading-title elementor-size-default\">Prof. Dr. Cengiz KARAKAYA<\/h2>\t\t\t\t<\/div>\n\t\t\t\t<\/div>\n\t\t\t\t<div class=\"elementor-element elementor-element-b1fb180 elementor-widget elementor-widget-heading\" data-id=\"b1fb180\" data-element_type=\"widget\" data-widget_type=\"heading.default\">\n\t\t\t\t<div class=\"elementor-widget-container\">\n\t\t\t\t\t<span class=\"elementor-heading-title elementor-size-default\">Chairman of the Board of Directors<\/span>\t\t\t\t<\/div>\n\t\t\t\t<\/div>\n\t\t\t\t<div class=\"elementor-element elementor-element-a514ba5 elementor-widget elementor-widget-text-editor\" data-id=\"a514ba5\" data-element_type=\"widget\" data-widget_type=\"text-editor.default\">\n\t\t\t\t<div class=\"elementor-widget-container\">\n\t\t\t\t\t\t\t\t\t<p>He is a faculty member at Gazi University Faculty of Medicine. She worked as a Post-Doctoral Fellow and Visiting Professor at Yale University School of Medicine. At the same time, he still continues his academic collaborations and projects at Yale University School of Medicine.<\/p>\t\t\t\t\t\t\t\t<\/div>\n\t\t\t\t<\/div>\n\t\t\t\t<\/div>\n\t\t<div class=\"elementor-element elementor-element-b07b1f4 e-con-full e-flex e-con e-child\" data-id=\"b07b1f4\" data-element_type=\"container\" data-settings=\"{&quot;background_background&quot;:&quot;classic&quot;}\">\n\t\t\t\t<div class=\"elementor-element elementor-element-147b700 elementor-widget elementor-widget-image\" data-id=\"147b700\" data-element_type=\"widget\" data-widget_type=\"image.default\">\n\t\t\t\t<div class=\"elementor-widget-container\">\n\t\t\t\t\t\t\t\t\t\t\t\t\t\t\t<img decoding=\"async\" width=\"370\" height=\"370\" src=\"https:\/\/taacouncil.com\/wp-content\/uploads\/2025\/01\/Dr.-Hakan-KARALOK.jpg\" class=\"attachment-full size-full wp-image-125\" alt=\"\" srcset=\"https:\/\/taacouncil.com\/wp-content\/uploads\/2025\/01\/Dr.-Hakan-KARALOK.jpg 370w, https:\/\/taacouncil.com\/wp-content\/uploads\/2025\/01\/Dr.-Hakan-KARALOK-300x300.jpg 300w, https:\/\/taacouncil.com\/wp-content\/uploads\/2025\/01\/Dr.-Hakan-KARALOK-150x150.jpg 150w\" sizes=\"(max-width: 370px) 100vw, 370px\" \/>\t\t\t\t\t\t\t\t\t\t\t\t\t\t\t<\/div>\n\t\t\t\t<\/div>\n\t\t\t\t<div class=\"elementor-element elementor-element-a1e6a80 elementor-widget elementor-widget-heading\" data-id=\"a1e6a80\" data-element_type=\"widget\" data-widget_type=\"heading.default\">\n\t\t\t\t<div class=\"elementor-widget-container\">\n\t\t\t\t\t<h2 class=\"elementor-heading-title elementor-size-default\">Dr. Hakan KARAL\u00d6K<\/h2>\t\t\t\t<\/div>\n\t\t\t\t<\/div>\n\t\t\t\t<div class=\"elementor-element elementor-element-c92826f elementor-widget elementor-widget-heading\" data-id=\"c92826f\" data-element_type=\"widget\" data-widget_type=\"heading.default\">\n\t\t\t\t<div class=\"elementor-widget-container\">\n\t\t\t\t\t<span class=\"elementor-heading-title elementor-size-default\">Vice President \/ Secretary General<\/span>\t\t\t\t<\/div>\n\t\t\t\t<\/div>\n\t\t\t\t<div class=\"elementor-element elementor-element-0b5ae6c elementor-widget elementor-widget-text-editor\" data-id=\"0b5ae6c\" data-element_type=\"widget\" data-widget_type=\"text-editor.default\">\n\t\t\t\t<div class=\"elementor-widget-container\">\n\t\t\t\t\t\t\t\t\t<p>He worked as a Post-Doctoral Fellow at Yale University School of Medicine. She is also a Visiting Professor at Yale University. Many academic studies and projects are ongoing.<\/p>\t\t\t\t\t\t\t\t<\/div>\n\t\t\t\t<\/div>\n\t\t\t\t<\/div>\n\t\t\t\t<\/div>\n\t\t\t\t\t<\/div>\n\t\t\t\t<\/div>\n\t\t\t\t<\/div>","protected":false},"excerpt":{"rendered":"<p>Y\u00f6netim Ekibimiz T\u00fcrk Amerikan Akademik Konseyi&#8217;nin Y\u00f6netim Kurulu, akademik de\u011fi\u015fim i\u00e7in etkili bir platform olu\u015fturmaya \u00e7al\u0131\u015fan, kendini i\u015fine adam\u0131\u015f profesyonellerden olu\u015fan bir gruptur. Her iki \u00fclkedeki \u00f6\u011frencilere ve \u00f6\u011fretim \u00fcyelerine anlaml\u0131 diyalogu te\u015fvik etmeye, i\u015fbirli\u011fini te\u015fvik etmeye ve kaynak sa\u011flamaya kararl\u0131d\u0131rlar. Prof. Dr. Cengiz KARAKAYA Y\u00f6netim Kurulu Ba\u015fkan\u0131 Gazi \u00dcniversitesi T\u0131p Fak\u00fcltesi \u00d6\u011fretim \u00dcyesi olarak [&hellip;]<\/p>","protected":false},"author":1,"featured_media":0,"parent":14,"menu_order":0,"comment_status":"closed","ping_status":"closed","template":"elementor_header_footer","meta":{"footnotes":""},"class_list":["post-16","page","type-page","status-publish","hentry"],"_links":{"self":[{"href":"https:\/\/taacouncil.com\/en\/wp-json\/wp\/v2\/pages\/16","targetHints":{"allow":["GET"]}}],"collection":[{"href":"https:\/\/taacouncil.com\/en\/wp-json\/wp\/v2\/pages"}],"about":[{"href":"https:\/\/taacouncil.com\/en\/wp-json\/wp\/v2\/types\/page"}],"author":[{"embeddable":true,"href":"https:\/\/taacouncil.com\/en\/wp-json\/wp\/v2\/users\/1"}],"replies":[{"embeddable":true,"href":"https:\/\/taacouncil.com\/en\/wp-json\/wp\/v2\/comments?post=16"}],"version-history":[{"count":7,"href":"https:\/\/taacouncil.com\/en\/wp-json\/wp\/v2\/pages\/16\/revisions"}],"predecessor-version":[{"id":185,"href":"https:\/\/taacouncil.com\/en\/wp-json\/wp\/v2\/pages\/16\/revisions\/185"}],"up":[{"embeddable":true,"href":"https:\/\/taacouncil.com\/en\/wp-json\/wp\/v2\/pages\/14"}],"wp:attachment":[{"href":"https:\/\/taacouncil.com\/en\/wp-json\/wp\/v2\/media?parent=16"}],"curies":[{"name":"wp","href":"https:\/\/api.w.org\/{rel}","templated":true}]}}